{"id":1043,"date":"2024-09-11T21:27:46","date_gmt":"2024-09-11T19:27:46","guid":{"rendered":"https:\/\/wordpress1864118.home.pl\/autoinstalator\/wordpressplus\/?page_id=1043"},"modified":"2024-09-12T20:27:10","modified_gmt":"2024-09-12T18:27:10","slug":"pracebetoniarskieizbrojarskie","status":"publish","type":"page","link":"https:\/\/pakobud.eu\/?page_id=1043","title":{"rendered":"Prace betoniarskie i zbrojarskie"},"content":{"rendered":"\t\t<div data-elementor-type=\"wp-page\" data-elementor-id=\"1043\" class=\"elementor elementor-1043\" data-elementor-post-type=\"page\">\n\t\t\t\t<div class=\"elementor-element elementor-element-72365be8 e-flex e-con-boxed e-con e-parent\" data-id=\"72365be8\" data-element_type=\"container\">\n\t\t\t\t\t<div class=\"e-con-inner\">\n\t\t<div class=\"elementor-element elementor-element-2e8b6a95 e-con-full e-flex e-con e-child\" data-id=\"2e8b6a95\" data-element_type=\"container\">\n\t\t\t\t<div class=\"elementor-element elementor-element-5731af1d elementor-widget elementor-widget-heading\" data-id=\"5731af1d\" data-element_type=\"widget\" data-widget_type=\"heading.default\">\n\t\t\t\t<div class=\"elementor-widget-container\">\n\t\t\t\t\t<h2 class=\"elementor-heading-title elementor-size-default\">Prace betoniarskie<br>i zbrojarskie<\/h2>\t\t\t\t<\/div>\n\t\t\t\t<\/div>\n\t\t\t\t<div class=\"elementor-element elementor-element-5a5cd79a elementor-widget__width-initial elementor-widget-mobile__width-inherit elementor-widget elementor-widget-text-editor\" data-id=\"5a5cd79a\" data-element_type=\"widget\" data-widget_type=\"text-editor.default\">\n\t\t\t\t<div class=\"elementor-widget-container\">\n\t\t\t\t\t\t\t\t\t<p>\u00a0<\/p><div>Prace \u017celbetowe to kluczowy etap ka\u017cdej inwestycji budowlanej, kt\u00f3ry decyduje o stabilno\u015bci i trwa\u0142o\u015bci konstrukcji. Jako specjali\u015bci w tej dziedzinie, oferujemy profesjonalne us\u0142ugi zbrojarskie i betoniarskie, zapewniaj\u0105c solidne podstawy pod ka\u017cdy rodzaj budowy \u2013 od dom\u00f3w jednorodzinnych po wi\u0119ksze obiekty przemys\u0142owe.<\/div><div>\u00a0<\/div><div><strong>Nasze us\u0142ugi zbrojarskie obejmuj\u0105:<\/strong><\/div><div>\u00a0<\/div><div><ul><li><strong>Zbrojenie konstrukcji \u017celbetowych:\u00a0<\/strong>Specjalizujemy si\u0119 w zbrojeniu element\u00f3w \u017celbetowych, takich jak s\u0142upy, belki, p\u0142yty czy schody. Precyzyjne wykonanie zbrojenia i prace betoniarskie\u00a0 jest kluczowe dla trwa\u0142o\u015bci konstrukcji \u017celbetowej, dlatego stawiamy na najwy\u017csz\u0105 jako\u015b\u0107 u\u017cywanych materia\u0142\u00f3w oraz dok\u0142adno\u015b\u0107 monta\u017cu.<\/li><li>\u00a0<strong>Monta\u017c konstrukcji prefabrykowanych:\u00a0<\/strong>Oferujemy r\u00f3wnie\u017c monta\u017c gotowych konstrukcji prefabrykowanych, co pozwala na przyspieszenie prac budowlanych i zwi\u0119kszenie efektywno\u015bci na placu budowy. Wsp\u00f3\u0142pracujemy z zaufanymi dostawcami prefabrykat\u00f3w, co gwarantuje wysok\u0105 jako\u015b\u0107 produkt\u00f3w.<\/li><\/ul><\/div>\t\t\t\t\t\t\t\t<\/div>\n\t\t\t\t<\/div>\n\t\t\t\t<\/div>\n\t\t<div class=\"elementor-element elementor-element-14433871 e-con-full e-flex e-con e-child\" data-id=\"14433871\" data-element_type=\"container\" data-settings=\"{&quot;background_background&quot;:&quot;classic&quot;}\">\n\t\t\t\t<div class=\"elementor-element elementor-element-3f7925dc elementor-widget__width-initial elementor-widget elementor-widget-image\" data-id=\"3f7925dc\" data-element_type=\"widget\" data-widget_type=\"image.default\">\n\t\t\t\t<div class=\"elementor-widget-container\">\n\t\t\t\t\t\t\t\t\t\t\t\t\t\t\t<img decoding=\"async\" src=\"https:\/\/pakobud.eu\/wp-content\/uploads\/elementor\/thumbs\/betoniarskie_zbrojarskie_02-rcbsrz2diy2nr8r3fem4lgnznqw9q2fqkmqsyudiqc.jpg\" title=\"betoniarskie_zbrojarskie_02\" alt=\"betoniarskie_zbrojarskie_02\" loading=\"lazy\" \/>\t\t\t\t\t\t\t\t\t\t\t\t\t\t\t<\/div>\n\t\t\t\t<\/div>\n\t\t\t\t<div class=\"elementor-element elementor-element-5fef894 elementor-widget elementor-widget-image\" data-id=\"5fef894\" data-element_type=\"widget\" data-widget_type=\"image.default\">\n\t\t\t\t<div class=\"elementor-widget-container\">\n\t\t\t\t\t\t\t\t\t\t\t\t\t\t\t<img decoding=\"async\" src=\"https:\/\/pakobud.eu\/wp-content\/uploads\/elementor\/thumbs\/betoniarskie_zbrojarskie_03-rcbsrz2diy2nr8r3fem4lgnznqw9q2fqkmqsyudiqc.jpg\" title=\"betoniarskie_zbrojarskie_03\" alt=\"betoniarskie_zbrojarskie_03\" loading=\"lazy\" \/>\t\t\t\t\t\t\t\t\t\t\t\t\t\t\t<\/div>\n\t\t\t\t<\/div>\n\t\t\t\t<\/div>\n\t\t\t\t\t<\/div>\n\t\t\t\t<\/div>\n\t\t\t\t<\/div>\n\t\t","protected":false},"excerpt":{"rendered":"<p>Prace betoniarskiei zbrojarskie \u00a0 Prace \u017celbetowe to kluczowy etap ka\u017cdej inwestycji budowlanej, kt\u00f3ry decyduje o stabilno\u015bci i trwa\u0142o\u015bci konstrukcji. Jako specjali\u015bci w tej dziedzinie, oferujemy profesjonalne us\u0142ugi zbrojarskie i betoniarskie, zapewniaj\u0105c solidne podstawy pod ka\u017cdy rodzaj budowy \u2013 od dom\u00f3w jednorodzinnych po wi\u0119ksze obiekty przemys\u0142owe.\u00a0Nasze us\u0142ugi zbrojarskie obejmuj\u0105:\u00a0 Zbrojenie konstrukcji \u017celbetowych:\u00a0Specjalizujemy si\u0119 w zbrojeniu element\u00f3w [&hellip;]<\/p>\n","protected":false},"author":1,"featured_media":0,"parent":0,"menu_order":2,"comment_status":"closed","ping_status":"closed","template":"elementor_header_footer","meta":{"footnotes":""},"class_list":["post-1043","page","type-page","status-publish","hentry"],"_links":{"self":[{"href":"https:\/\/pakobud.eu\/index.php?rest_route=\/wp\/v2\/pages\/1043","targetHints":{"allow":["GET"]}}],"collection":[{"href":"https:\/\/pakobud.eu\/index.php?rest_route=\/wp\/v2\/pages"}],"about":[{"href":"https:\/\/pakobud.eu\/index.php?rest_route=\/wp\/v2\/types\/page"}],"author":[{"embeddable":true,"href":"https:\/\/pakobud.eu\/index.php?rest_route=\/wp\/v2\/users\/1"}],"replies":[{"embeddable":true,"href":"https:\/\/pakobud.eu\/index.php?rest_route=%2Fwp%2Fv2%2Fcomments&post=1043"}],"version-history":[{"count":20,"href":"https:\/\/pakobud.eu\/index.php?rest_route=\/wp\/v2\/pages\/1043\/revisions"}],"predecessor-version":[{"id":1339,"href":"https:\/\/pakobud.eu\/index.php?rest_route=\/wp\/v2\/pages\/1043\/revisions\/1339"}],"wp:attachment":[{"href":"https:\/\/pakobud.eu\/index.php?rest_route=%2Fwp%2Fv2%2Fmedia&parent=1043"}],"curies":[{"name":"wp","href":"https:\/\/api.w.org\/{rel}","templated":true}]}}