{"id":1054,"date":"2024-09-11T21:31:46","date_gmt":"2024-09-11T19:31:46","guid":{"rendered":"https:\/\/wordpress1864118.home.pl\/autoinstalator\/wordpressplus\/?page_id=1054"},"modified":"2024-09-12T20:31:10","modified_gmt":"2024-09-12T18:31:10","slug":"rozbiorkaobiektowbudowlanych","status":"publish","type":"page","link":"https:\/\/pakobud.eu\/?page_id=1054","title":{"rendered":"Rozbiurka obiekt\u00f3w budowlanych"},"content":{"rendered":"\t\t<div data-elementor-type=\"wp-page\" data-elementor-id=\"1054\" class=\"elementor elementor-1054\" data-elementor-post-type=\"page\">\n\t\t\t\t<div class=\"elementor-element elementor-element-72365be8 e-flex e-con-boxed e-con e-parent\" data-id=\"72365be8\" data-element_type=\"container\">\n\t\t\t\t\t<div class=\"e-con-inner\">\n\t\t<div class=\"elementor-element elementor-element-2e8b6a95 e-con-full e-flex e-con e-child\" data-id=\"2e8b6a95\" data-element_type=\"container\">\n\t\t\t\t<div class=\"elementor-element elementor-element-5731af1d elementor-widget elementor-widget-heading\" data-id=\"5731af1d\" data-element_type=\"widget\" data-widget_type=\"heading.default\">\n\t\t\t\t<div class=\"elementor-widget-container\">\n\t\t\t\t\t<h2 class=\"elementor-heading-title elementor-size-default\">Rozbiurka obiekt\u00f3w budowlanych<\/h2>\t\t\t\t<\/div>\n\t\t\t\t<\/div>\n\t\t\t\t<div class=\"elementor-element elementor-element-5a5cd79a elementor-widget__width-initial elementor-widget-mobile__width-inherit elementor-widget elementor-widget-text-editor\" data-id=\"5a5cd79a\" data-element_type=\"widget\" data-widget_type=\"text-editor.default\">\n\t\t\t\t<div class=\"elementor-widget-container\">\n\t\t\t\t\t\t\t\t\t<p>\u00a0<\/p><div>Rozbi\u00f3rka obiekt\u00f3w budowlanych to proces wymagaj\u0105cy precyzji, odpowiedniego sprz\u0119tu i do\u015bwiadczenia. Nasza firma oferuje kompleksowe us\u0142ugi rozbi\u00f3rkowe, zapewniaj\u0105c bezpieczne i sprawne usuni\u0119cie starych budynk\u00f3w, konstrukcji oraz innych obiekt\u00f3w. Dbamy o ka\u017cdy etap realizacji, od przygotowania terenu po usuni\u0119cie gruzu, dostarczaj\u0105c Ci pe\u0142n\u0105 obs\u0142ug\u0119 rozbi\u00f3rkow\u0105 na najwy\u017cszym poziomie.<\/div><div>\u00a0<\/div><div><strong>Nasze us\u0142ugi w zakresie rozbi\u00f3rek obiekt\u00f3w budowlanych obejmuj\u0105:<\/strong><\/div><div>\u00a0<\/div><ul><li><strong>Rozbi\u00f3rki budynk\u00f3w mieszkalnych i przemys\u0142owych:\u00a0<\/strong>Przeprowadzamy rozbi\u00f3rki dom\u00f3w, budynk\u00f3w mieszkalnych, obiekt\u00f3w przemys\u0142owych, hal magazynowych oraz innych konstrukcji. Nasz zesp\u00f3\u0142 posiada do\u015bwiadczenie w pracy z r\u00f3\u017cnymi rodzajami budynk\u00f3w, co pozwala nam realizowa\u0107 zlecenia bez wzgl\u0119du na wielko\u015b\u0107 i stopie\u0144 skomplikowania.<\/li><\/ul><ul><li><strong>Demonta\u017c konstrukcji stalowych i \u017celbetowych:\u00a0<\/strong>Oferujemy tak\u017ce demonta\u017c konstrukcji stalowych i \u017celbetowych, w tym komin\u00f3w. Nasze dzia\u0142ania s\u0105 precyzyjnie planowane, aby zapewni\u0107 maksymalne bezpiecze\u0144stwo podczas demonta\u017cu.<\/li><\/ul><ul><li><strong>Przygotowanie terenu pod nowe inwestycje:\u00a0<\/strong>Po zako\u0144czeniu rozbi\u00f3rki oferujemy us\u0142ugi rekultywacji terenu i przygotowania go pod nowe inwestycje. Oczyszczamy i wyr\u00f3wnujemy teren, aby by\u0142 gotowy na nowe projekty budowlane.<\/li><\/ul><ul><li><strong>Bezpieczne usuwanie materia\u0142\u00f3w niebezpiecznych:\u00a0<\/strong>W ramach rozbi\u00f3rek zajmujemy si\u0119 r\u00f3wnie\u017c bezpiecznym usuwaniem materia\u0142\u00f3w porozbi\u00f3rkowych.<\/li><\/ul><ul><li><strong>Wyw\u00f3z gruzu i odpad\u00f3w:<\/strong>\u00a0Po rozbi\u00f3rce zajmujemy si\u0119 r\u00f3wnie\u017c wywozem gruzu i odpad\u00f3w budowlanych. Dzi\u0119ki odpowiednim pojazdom i sprz\u0119towi zapewniamy sprawne i szybkie usuni\u0119cie wszelkich materia\u0142\u00f3w pozosta\u0142ych po rozbi\u00f3rce.<\/li><\/ul><div>\u00a0<\/div>\t\t\t\t\t\t\t\t<\/div>\n\t\t\t\t<\/div>\n\t\t\t\t<\/div>\n\t\t<div class=\"elementor-element elementor-element-14433871 e-con-full e-flex e-con e-child\" data-id=\"14433871\" data-element_type=\"container\" data-settings=\"{&quot;background_background&quot;:&quot;classic&quot;}\">\n\t\t\t\t<div class=\"elementor-element elementor-element-3f7925dc elementor-widget__width-initial elementor-widget elementor-widget-image\" data-id=\"3f7925dc\" data-element_type=\"widget\" data-widget_type=\"image.default\">\n\t\t\t\t<div class=\"elementor-widget-container\">\n\t\t\t\t\t\t\t\t\t\t\t\t\t\t\t<img fetchpriority=\"high\" decoding=\"async\" width=\"1024\" height=\"681\" src=\"https:\/\/pakobud.eu\/wp-content\/uploads\/2024\/09\/rozbiorka_02-1024x681.jpg\" class=\"attachment-large size-large wp-image-1212\" alt=\"\" srcset=\"https:\/\/pakobud.eu\/wp-content\/uploads\/2024\/09\/rozbiorka_02-1024x681.jpg 1024w, https:\/\/pakobud.eu\/wp-content\/uploads\/2024\/09\/rozbiorka_02-300x200.jpg 300w, https:\/\/pakobud.eu\/wp-content\/uploads\/2024\/09\/rozbiorka_02-768x511.jpg 768w, https:\/\/pakobud.eu\/wp-content\/uploads\/2024\/09\/rozbiorka_02.jpg 1342w\" sizes=\"(max-width: 1024px) 100vw, 1024px\" \/>\t\t\t\t\t\t\t\t\t\t\t\t\t\t\t<\/div>\n\t\t\t\t<\/div>\n\t\t\t\t<div class=\"elementor-element elementor-element-5fef894 elementor-widget elementor-widget-image\" data-id=\"5fef894\" data-element_type=\"widget\" data-widget_type=\"image.default\">\n\t\t\t\t<div class=\"elementor-widget-container\">\n\t\t\t\t\t\t\t\t\t\t\t\t\t\t\t<img decoding=\"async\" src=\"https:\/\/pakobud.eu\/wp-content\/uploads\/elementor\/thumbs\/rozbiorka_04-rcbssfzgxyptk82iolxeuceacokvkmawmyhjltofmc.jpg\" title=\"rozbiorka_04\" alt=\"rozbiorka_04\" loading=\"lazy\" \/>\t\t\t\t\t\t\t\t\t\t\t\t\t\t\t<\/div>\n\t\t\t\t<\/div>\n\t\t\t\t<\/div>\n\t\t\t\t\t<\/div>\n\t\t\t\t<\/div>\n\t\t\t\t<\/div>\n\t\t","protected":false},"excerpt":{"rendered":"<p>Rozbiurka obiekt\u00f3w budowlanych \u00a0 Rozbi\u00f3rka obiekt\u00f3w budowlanych to proces wymagaj\u0105cy precyzji, odpowiedniego sprz\u0119tu i do\u015bwiadczenia. Nasza firma oferuje kompleksowe us\u0142ugi rozbi\u00f3rkowe, zapewniaj\u0105c bezpieczne i sprawne usuni\u0119cie starych budynk\u00f3w, konstrukcji oraz innych obiekt\u00f3w. Dbamy o ka\u017cdy etap realizacji, od przygotowania terenu po usuni\u0119cie gruzu, dostarczaj\u0105c Ci pe\u0142n\u0105 obs\u0142ug\u0119 rozbi\u00f3rkow\u0105 na najwy\u017cszym poziomie.\u00a0Nasze us\u0142ugi w zakresie rozbi\u00f3rek [&hellip;]<\/p>\n","protected":false},"author":1,"featured_media":0,"parent":0,"menu_order":2,"comment_status":"closed","ping_status":"closed","template":"elementor_header_footer","meta":{"footnotes":""},"class_list":["post-1054","page","type-page","status-publish","hentry"],"_links":{"self":[{"href":"https:\/\/pakobud.eu\/index.php?rest_route=\/wp\/v2\/pages\/1054","targetHints":{"allow":["GET"]}}],"collection":[{"href":"https:\/\/pakobud.eu\/index.php?rest_route=\/wp\/v2\/pages"}],"about":[{"href":"https:\/\/pakobud.eu\/index.php?rest_route=\/wp\/v2\/types\/page"}],"author":[{"embeddable":true,"href":"https:\/\/pakobud.eu\/index.php?rest_route=\/wp\/v2\/users\/1"}],"replies":[{"embeddable":true,"href":"https:\/\/pakobud.eu\/index.php?rest_route=%2Fwp%2Fv2%2Fcomments&post=1054"}],"version-history":[{"count":17,"href":"https:\/\/pakobud.eu\/index.php?rest_route=\/wp\/v2\/pages\/1054\/revisions"}],"predecessor-version":[{"id":1351,"href":"https:\/\/pakobud.eu\/index.php?rest_route=\/wp\/v2\/pages\/1054\/revisions\/1351"}],"wp:attachment":[{"href":"https:\/\/pakobud.eu\/index.php?rest_route=%2Fwp%2Fv2%2Fmedia&parent=1054"}],"curies":[{"name":"wp","href":"https:\/\/api.w.org\/{rel}","templated":true}]}}