{"id":23,"date":"2024-08-28T16:05:07","date_gmt":"2024-08-28T14:05:07","guid":{"rendered":"https:\/\/wordpress1864118.home.pl\/autoinstalator\/wordpressplus\/index.php\/contact-us\/"},"modified":"2025-05-26T11:33:31","modified_gmt":"2025-05-26T09:33:31","slug":"contact-us","status":"publish","type":"page","link":"https:\/\/pakobud.eu\/?page_id=23","title":{"rendered":"Kontakt"},"content":{"rendered":"\t\t<div data-elementor-type=\"wp-page\" data-elementor-id=\"23\" class=\"elementor elementor-23\" data-elementor-post-type=\"page\">\n\t\t\t\t<div class=\"elementor-element elementor-element-f6b95a9 e-flex e-con-boxed e-con e-parent\" data-id=\"f6b95a9\" data-element_type=\"container\">\n\t\t\t\t\t<div class=\"e-con-inner\">\n\t\t<div class=\"elementor-element elementor-element-50dd812 e-con-full e-flex e-con e-child\" data-id=\"50dd812\" data-element_type=\"container\">\n\t\t\t\t<div class=\"elementor-element elementor-element-3649652 elementor-widget elementor-widget-image\" data-id=\"3649652\" data-element_type=\"widget\" data-widget_type=\"image.default\">\n\t\t\t\t<div class=\"elementor-widget-container\">\n\t\t\t\t\t\t\t\t\t\t\t\t\t\t\t\t<a href=\"https:\/\/maps.app.goo.gl\/JpbNCFTp8N8UNu5G6\" target=\"_blank\">\n\t\t\t\t\t\t\t<img fetchpriority=\"high\" decoding=\"async\" width=\"300\" height=\"278\" src=\"https:\/\/pakobud.eu\/wp-content\/uploads\/2024\/09\/mapa01-1-300x278.webp\" class=\"attachment-medium size-medium wp-image-841\" alt=\"\" srcset=\"https:\/\/pakobud.eu\/wp-content\/uploads\/2024\/09\/mapa01-1-300x278.webp 300w, https:\/\/pakobud.eu\/wp-content\/uploads\/2024\/09\/mapa01-1.webp 698w\" sizes=\"(max-width: 300px) 100vw, 300px\" \/>\t\t\t\t\t\t\t\t<\/a>\n\t\t\t\t\t\t\t\t\t\t\t\t\t\t\t<\/div>\n\t\t\t\t<\/div>\n\t\t\t\t<\/div>\n\t\t\t\t<div class=\"elementor-element elementor-element-5556566 elementor-widget__width-initial elementor-widget elementor-widget-text-editor\" data-id=\"5556566\" data-element_type=\"widget\" data-widget_type=\"text-editor.default\">\n\t\t\t\t<div class=\"elementor-widget-container\">\n\t\t\t\t\t\t\t\t\t<p>P.P.H.U. \u201ePaKo\u201d<br \/>Pawe\u0142 Koczyw\u0105s<br \/>96-130 G\u0142uch\u00f3w<br \/>Wysokienice 67<\/p><p><a href=\"https:\/\/maps.app.goo.gl\/JpbNCFTp8N8UNu5G6\"><img decoding=\"async\" class=\"alignnone wp-image-861\" src=\"http:\/\/wordpress1864118.home.pl\/autoinstalator\/wordpressplus\/wp-content\/uploads\/2024\/09\/Projekt-bez-nazwy-300x249.png\" alt=\"\" width=\"29\" height=\"24\" \/><\/a>Biuro:<br \/>ul. Rawska 66<br \/>96-100 Skierniewice<\/p><p>NIP: 836-179-19-49<br \/>REGON 101038645<\/p>\t\t\t\t\t\t\t\t<\/div>\n\t\t\t\t<\/div>\n\t\t<div class=\"elementor-element elementor-element-8340d3c e-con-full e-flex e-con e-child\" data-id=\"8340d3c\" data-element_type=\"container\">\n\t\t\t\t<div class=\"elementor-element elementor-element-266587e elementor-widget elementor-widget-text-editor\" data-id=\"266587e\" data-element_type=\"widget\" data-widget_type=\"text-editor.default\">\n\t\t\t\t<div class=\"elementor-widget-container\">\n\t\t\t\t\t\t\t\t\t<p><img decoding=\"async\" class=\"alignnone wp-image-869\" src=\"http:\/\/wordpress1864118.home.pl\/autoinstalator\/wordpressplus\/wp-content\/uploads\/2024\/09\/icon_phone2-1-300x245.png\" alt=\"\" width=\"25\" height=\"21\" \/>\u00a0 tel. 505 256 392<br \/><img loading=\"lazy\" decoding=\"async\" class=\"alignnone wp-image-878\" src=\"http:\/\/wordpress1864118.home.pl\/autoinstalator\/wordpressplus\/wp-content\/uploads\/2024\/09\/icon_email2-290x300.png\" alt=\"\" width=\"24\" height=\"25\" \/>\u00a0 email: biuro@pakobud.eu<br \/><img loading=\"lazy\" decoding=\"async\" class=\"alignnone wp-image-882\" src=\"http:\/\/wordpress1864118.home.pl\/autoinstalator\/wordpressplus\/wp-content\/uploads\/2024\/09\/icon_www1-296x300.png\" alt=\"\" width=\"24\" height=\"24\" \/>\u00a0 www.pakobud.eu<br \/><img loading=\"lazy\" decoding=\"async\" class=\"alignnone wp-image-889\" src=\"http:\/\/wordpress1864118.home.pl\/autoinstalator\/wordpressplus\/wp-content\/uploads\/2024\/09\/icon_facebook1-300x300.png\" alt=\"\" width=\"24\" height=\"24\" \/>\u00a0 www.facebook.com\/pakobud.eu<\/p>\t\t\t\t\t\t\t\t<\/div>\n\t\t\t\t<\/div>\n\t\t\t\t<\/div>\n\t\t\t\t\t<\/div>\n\t\t\t\t<\/div>\n\t\t\t\t<\/div>\n\t\t","protected":false},"excerpt":{"rendered":"<p>P.P.H.U. \u201ePaKo\u201dPawe\u0142 Koczyw\u0105s96-130 G\u0142uch\u00f3wWysokienice 67 Biuro:ul. Rawska 6696-100 Skierniewice NIP: 836-179-19-49REGON 101038645 \u00a0 tel. 505 256 392\u00a0 email: biuro@pakobud.eu\u00a0 www.pakobud.eu\u00a0 www.facebook.com\/pakobud.eu<\/p>\n","protected":false},"author":1,"featured_media":0,"parent":0,"menu_order":0,"comment_status":"closed","ping_status":"closed","template":"elementor_header_footer","meta":{"footnotes":""},"class_list":["post-23","page","type-page","status-publish","hentry"],"_links":{"self":[{"href":"https:\/\/pakobud.eu\/index.php?rest_route=\/wp\/v2\/pages\/23","targetHints":{"allow":["GET"]}}],"collection":[{"href":"https:\/\/pakobud.eu\/index.php?rest_route=\/wp\/v2\/pages"}],"about":[{"href":"https:\/\/pakobud.eu\/index.php?rest_route=\/wp\/v2\/types\/page"}],"author":[{"embeddable":true,"href":"https:\/\/pakobud.eu\/index.php?rest_route=\/wp\/v2\/users\/1"}],"replies":[{"embeddable":true,"href":"https:\/\/pakobud.eu\/index.php?rest_route=%2Fwp%2Fv2%2Fcomments&post=23"}],"version-history":[{"count":93,"href":"https:\/\/pakobud.eu\/index.php?rest_route=\/wp\/v2\/pages\/23\/revisions"}],"predecessor-version":[{"id":1424,"href":"https:\/\/pakobud.eu\/index.php?rest_route=\/wp\/v2\/pages\/23\/revisions\/1424"}],"wp:attachment":[{"href":"https:\/\/pakobud.eu\/index.php?rest_route=%2Fwp%2Fv2%2Fmedia&parent=23"}],"curies":[{"name":"wp","href":"https:\/\/api.w.org\/{rel}","templated":true}]}}